{"id":1142,"date":"2022-09-23T11:41:06","date_gmt":"2022-09-23T09:41:06","guid":{"rendered":"http:\/\/ungraphiste.danielfortin.fr\/?page_id=1142"},"modified":"2022-09-23T14:22:52","modified_gmt":"2022-09-23T12:22:52","slug":"real-les-lumieres","status":"publish","type":"page","link":"https:\/\/ungraphiste.danielfortin.fr\/index.php\/real-les-lumieres\/","title":{"rendered":"Real-Les Lumieres"},"content":{"rendered":"\t\t<div data-elementor-type=\"wp-page\" data-elementor-id=\"1142\" class=\"elementor elementor-1142\">\n\t\t\t\t\t\t<section class=\"elementor-section elementor-top-section elementor-element elementor-element-23efa73 elementor-section-boxed elementor-section-height-default elementor-section-height-default\" data-id=\"23efa73\" data-element_type=\"section\" data-e-type=\"section\">\n\t\t\t\t\t\t<div class=\"elementor-container elementor-column-gap-default\">\n\t\t\t\t\t<div class=\"elementor-column elementor-col-66 elementor-top-column elementor-element elementor-element-e3c049a elementor-invisible\" data-id=\"e3c049a\" data-element_type=\"column\" data-e-type=\"column\" data-settings=\"{&quot;animation&quot;:&quot;fadeInLeft&quot;}\">\n\t\t\t<div class=\"elementor-widget-wrap elementor-element-populated\">\n\t\t\t\t\t\t<div class=\"elementor-element elementor-element-61cc193 elementor-widget elementor-widget-image\" data-id=\"61cc193\" data-element_type=\"widget\" data-e-type=\"widget\" data-widget_type=\"image.default\">\n\t\t\t\t<div class=\"elementor-widget-container\">\n\t\t\t\t\t\t\t\t\t\t\t\t\t\t\t<img fetchpriority=\"high\" decoding=\"async\" width=\"768\" height=\"285\" src=\"https:\/\/ungraphiste.danielfortin.fr\/wp-content\/uploads\/2022\/09\/Lumieres2-768x285.jpg\" class=\"attachment-medium_large size-medium_large wp-image-1145\" alt=\"un graphiste en Mayenne - R\u00e9alisation - Les Lumi\u00e8res - Banni\u00e8re web\" srcset=\"https:\/\/ungraphiste.danielfortin.fr\/wp-content\/uploads\/2022\/09\/Lumieres2-768x285.jpg 768w, https:\/\/ungraphiste.danielfortin.fr\/wp-content\/uploads\/2022\/09\/Lumieres2-300x111.jpg 300w, https:\/\/ungraphiste.danielfortin.fr\/wp-content\/uploads\/2022\/09\/Lumieres2.jpg 852w\" sizes=\"(max-width: 768px) 100vw, 768px\" \/>\t\t\t\t\t\t\t\t\t\t\t\t\t\t\t<\/div>\n\t\t\t\t<\/div>\n\t\t\t\t<div class=\"elementor-element elementor-element-65646fe elementor-widget elementor-widget-image\" data-id=\"65646fe\" data-element_type=\"widget\" data-e-type=\"widget\" data-widget_type=\"image.default\">\n\t\t\t\t<div class=\"elementor-widget-container\">\n\t\t\t\t\t\t\t\t\t\t\t\t\t\t\t<img decoding=\"async\" width=\"768\" height=\"532\" src=\"https:\/\/ungraphiste.danielfortin.fr\/wp-content\/uploads\/2022\/09\/Lumieres1-768x532.jpg\" class=\"attachment-medium_large size-medium_large wp-image-519\" alt=\"un graphiste en Mayenne - R\u00e9alisation - Les Lumi\u00e8res - Affiche\" srcset=\"https:\/\/ungraphiste.danielfortin.fr\/wp-content\/uploads\/2022\/09\/Lumieres1-768x532.jpg 768w, https:\/\/ungraphiste.danielfortin.fr\/wp-content\/uploads\/2022\/09\/Lumieres1-300x208.jpg 300w, https:\/\/ungraphiste.danielfortin.fr\/wp-content\/uploads\/2022\/09\/Lumieres1.jpg 924w\" sizes=\"(max-width: 768px) 100vw, 768px\" \/>\t\t\t\t\t\t\t\t\t\t\t\t\t\t\t<\/div>\n\t\t\t\t<\/div>\n\t\t\t\t<div class=\"elementor-element elementor-element-f4b6ff7 elementor-widget elementor-widget-image\" data-id=\"f4b6ff7\" data-element_type=\"widget\" data-e-type=\"widget\" data-widget_type=\"image.default\">\n\t\t\t\t<div class=\"elementor-widget-container\">\n\t\t\t\t\t\t\t\t\t\t\t\t\t\t\t<img decoding=\"async\" width=\"722\" height=\"1024\" src=\"https:\/\/ungraphiste.danielfortin.fr\/wp-content\/uploads\/2022\/09\/Lumieres5-722x1024.jpg\" class=\"attachment-large size-large wp-image-1163\" alt=\"un graphiste en Mayenne - R\u00e9alisation - Les Lumi\u00e8res - Flyer\" srcset=\"https:\/\/ungraphiste.danielfortin.fr\/wp-content\/uploads\/2022\/09\/Lumieres5-722x1024.jpg 722w, https:\/\/ungraphiste.danielfortin.fr\/wp-content\/uploads\/2022\/09\/Lumieres5-211x300.jpg 211w, https:\/\/ungraphiste.danielfortin.fr\/wp-content\/uploads\/2022\/09\/Lumieres5-768x1090.jpg 768w, https:\/\/ungraphiste.danielfortin.fr\/wp-content\/uploads\/2022\/09\/Lumieres5.jpg 800w\" sizes=\"(max-width: 722px) 100vw, 722px\" \/>\t\t\t\t\t\t\t\t\t\t\t\t\t\t\t<\/div>\n\t\t\t\t<\/div>\n\t\t\t\t\t<\/div>\n\t\t<\/div>\n\t\t\t\t<div class=\"elementor-column elementor-col-33 elementor-top-column elementor-element elementor-element-a3cbe61\" data-id=\"a3cbe61\" data-element_type=\"column\" data-e-type=\"column\" data-settings=\"{&quot;background_background&quot;:&quot;classic&quot;,&quot;animation&quot;:&quot;none&quot;}\">\n\t\t\t<div class=\"elementor-widget-wrap elementor-element-populated\">\n\t\t\t\t\t\t<section class=\"elementor-section elementor-inner-section elementor-element elementor-element-547dee4 stick elementor-section-content-space-between elementor-section-boxed elementor-section-height-default elementor-section-height-default elementor-invisible\" data-id=\"547dee4\" data-element_type=\"section\" data-e-type=\"section\" data-settings=\"{&quot;animation&quot;:&quot;fadeInRight&quot;}\">\n\t\t\t\t\t\t<div class=\"elementor-container elementor-column-gap-default\">\n\t\t\t\t\t<div class=\"elementor-column elementor-col-100 elementor-inner-column elementor-element elementor-element-0b1474f\" data-id=\"0b1474f\" data-element_type=\"column\" data-e-type=\"column\" data-settings=\"{&quot;background_background&quot;:&quot;classic&quot;}\">\n\t\t\t<div class=\"elementor-widget-wrap elementor-element-populated\">\n\t\t\t\t\t\t<div class=\"elementor-element elementor-element-7e7ed57 elementor-widget elementor-widget-heading\" data-id=\"7e7ed57\" data-element_type=\"widget\" data-e-type=\"widget\" data-widget_type=\"heading.default\">\n\t\t\t\t<div class=\"elementor-widget-container\">\n\t\t\t\t\t<h2 class=\"elementor-heading-title elementor-size-xl\">LES LUMI\u00c8RES 2022<\/h2>\t\t\t\t<\/div>\n\t\t\t\t<\/div>\n\t\t\t\t<div class=\"elementor-element elementor-element-f7bc125 elementor-widget elementor-widget-text-editor\" data-id=\"f7bc125\" data-element_type=\"widget\" data-e-type=\"widget\" data-widget_type=\"text-editor.default\">\n\t\t\t\t<div class=\"elementor-widget-container\">\n\t\t\t\t\t\t\t\t\t<p><em>\u00c9labor\u00e9 en formation<\/em><\/p>\t\t\t\t\t\t\t\t<\/div>\n\t\t\t\t<\/div>\n\t\t\t\t<div class=\"elementor-element elementor-element-b775ac1 elementor-widget__width-initial elementor-widget elementor-widget-text-editor\" data-id=\"b775ac1\" data-element_type=\"widget\" data-e-type=\"widget\" data-widget_type=\"text-editor.default\">\n\t\t\t\t<div class=\"elementor-widget-container\">\n\t\t\t\t\t\t\t\t\t<h4>Affiche, flyer et banni\u00e8re web<\/h4><p>Cr\u00e9ation typographique, illustration, mise en page.<\/p>\t\t\t\t\t\t\t\t<\/div>\n\t\t\t\t<\/div>\n\t\t\t\t<div class=\"elementor-element elementor-element-03a4981 elementor-widget__width-initial elementor-absolute elementor-view-default elementor-widget elementor-widget-icon\" data-id=\"03a4981\" data-element_type=\"widget\" data-e-type=\"widget\" data-settings=\"{&quot;_position&quot;:&quot;absolute&quot;}\" data-widget_type=\"icon.default\">\n\t\t\t\t<div class=\"elementor-widget-container\">\n\t\t\t\t\t\t\t<div class=\"elementor-icon-wrapper\">\n\t\t\t<a class=\"elementor-icon\" href=\"\/index.php\/realisations\/\">\n\t\t\t<i aria-hidden=\"true\" class=\"fas fa-angle-left\"><\/i>\t\t\t<\/a>\n\t\t<\/div>\n\t\t\t\t\t\t<\/div>\n\t\t\t\t<\/div>\n\t\t\t\t\t<\/div>\n\t\t<\/div>\n\t\t\t\t\t<\/div>\n\t\t<\/section>\n\t\t\t\t\t<\/div>\n\t\t<\/div>\n\t\t\t\t\t<\/div>\n\t\t<\/section>\n\t\t\t\t<\/div>\n\t\t","protected":false},"excerpt":{"rendered":"<p>LES LUMI\u00c8RES 2022 \u00c9labor\u00e9 en formation Affiche, flyer et banni\u00e8re web Cr\u00e9ation typographique, illustration, mise en page.<\/p>\n","protected":false},"author":1,"featured_media":0,"parent":0,"menu_order":0,"comment_status":"closed","ping_status":"closed","template":"","meta":{"_kad_post_transparent":"","_kad_post_title":"hide","_kad_post_layout":"fullwidth","_kad_post_sidebar_id":"","_kad_post_content_style":"unboxed","_kad_post_vertical_padding":"hide","_kad_post_feature":"hide","_kad_post_feature_position":"","_kad_post_header":false,"_kad_post_footer":false,"footnotes":""},"class_list":["post-1142","page","type-page","status-publish","hentry"],"_links":{"self":[{"href":"https:\/\/ungraphiste.danielfortin.fr\/index.php\/wp-json\/wp\/v2\/pages\/1142","targetHints":{"allow":["GET"]}}],"collection":[{"href":"https:\/\/ungraphiste.danielfortin.fr\/index.php\/wp-json\/wp\/v2\/pages"}],"about":[{"href":"https:\/\/ungraphiste.danielfortin.fr\/index.php\/wp-json\/wp\/v2\/types\/page"}],"author":[{"embeddable":true,"href":"https:\/\/ungraphiste.danielfortin.fr\/index.php\/wp-json\/wp\/v2\/users\/1"}],"replies":[{"embeddable":true,"href":"https:\/\/ungraphiste.danielfortin.fr\/index.php\/wp-json\/wp\/v2\/comments?post=1142"}],"version-history":[{"count":28,"href":"https:\/\/ungraphiste.danielfortin.fr\/index.php\/wp-json\/wp\/v2\/pages\/1142\/revisions"}],"predecessor-version":[{"id":1252,"href":"https:\/\/ungraphiste.danielfortin.fr\/index.php\/wp-json\/wp\/v2\/pages\/1142\/revisions\/1252"}],"wp:attachment":[{"href":"https:\/\/ungraphiste.danielfortin.fr\/index.php\/wp-json\/wp\/v2\/media?parent=1142"}],"curies":[{"name":"wp","href":"https:\/\/api.w.org\/{rel}","templated":true}]}}