{"id":123,"date":"2022-09-17T23:32:12","date_gmt":"2022-09-17T21:32:12","guid":{"rendered":"http:\/\/ungraphiste.danielfortin.fr\/?page_id=123"},"modified":"2024-12-09T13:40:49","modified_gmt":"2024-12-09T12:40:49","slug":"a-propos-2","status":"publish","type":"page","link":"https:\/\/ungraphiste.danielfortin.fr\/","title":{"rendered":"\u00c0 propos"},"content":{"rendered":"\t\t<div data-elementor-type=\"wp-page\" data-elementor-id=\"123\" class=\"elementor elementor-123\">\n\t\t\t\t\t\t<section class=\"elementor-section elementor-top-section elementor-element elementor-element-f0be574 elementor-section-height-min-height elementor-section-items-top elementor-section-content-top elementor-section-boxed elementor-section-height-default\" data-id=\"f0be574\" data-element_type=\"section\" data-e-type=\"section\" data-settings=\"{&quot;background_background&quot;:&quot;classic&quot;,&quot;animation&quot;:&quot;none&quot;}\">\n\t\t\t\t\t\t<div class=\"elementor-container elementor-column-gap-default\">\n\t\t\t\t\t<div class=\"elementor-column elementor-col-100 elementor-top-column elementor-element elementor-element-4355021\" data-id=\"4355021\" data-element_type=\"column\" data-e-type=\"column\" data-settings=\"{&quot;background_background&quot;:&quot;classic&quot;}\">\n\t\t\t<div class=\"elementor-widget-wrap elementor-element-populated\">\n\t\t\t\t\t\t<div class=\"elementor-element elementor-element-3ab2c9b elementor-invisible elementor-widget elementor-widget-image\" data-id=\"3ab2c9b\" data-element_type=\"widget\" data-e-type=\"widget\" data-settings=\"{&quot;_animation&quot;:&quot;fadeIn&quot;}\" data-widget_type=\"image.default\">\n\t\t\t\t<div class=\"elementor-widget-container\">\n\t\t\t\t\t\t\t\t\t\t\t\t\t\t\t<img fetchpriority=\"high\" decoding=\"async\" width=\"413\" height=\"751\" src=\"https:\/\/ungraphiste.danielfortin.fr\/wp-content\/uploads\/2022\/09\/LogoVertFichier-27.png\" class=\"attachment-medium_large size-medium_large wp-image-121\" alt=\"un graphiste en Mayenne - Logo\" srcset=\"https:\/\/ungraphiste.danielfortin.fr\/wp-content\/uploads\/2022\/09\/LogoVertFichier-27.png 413w, https:\/\/ungraphiste.danielfortin.fr\/wp-content\/uploads\/2022\/09\/LogoVertFichier-27-165x300.png 165w\" sizes=\"(max-width: 413px) 100vw, 413px\" \/>\t\t\t\t\t\t\t\t\t\t\t\t\t\t\t<\/div>\n\t\t\t\t<\/div>\n\t\t\t\t\t<\/div>\n\t\t<\/div>\n\t\t\t\t\t<\/div>\n\t\t<\/section>\n\t\t\t\t<section class=\"elementor-section elementor-top-section elementor-element elementor-element-1e9ca45 elementor-section-boxed elementor-section-height-default elementor-section-height-default\" data-id=\"1e9ca45\" data-element_type=\"section\" data-e-type=\"section\" data-settings=\"{&quot;background_background&quot;:&quot;classic&quot;}\">\n\t\t\t\t\t\t<div class=\"elementor-container elementor-column-gap-default\">\n\t\t\t\t\t<div class=\"elementor-column elementor-col-100 elementor-top-column elementor-element elementor-element-3e136e9\" data-id=\"3e136e9\" data-element_type=\"column\" data-e-type=\"column\">\n\t\t\t<div class=\"elementor-widget-wrap elementor-element-populated\">\n\t\t\t\t\t\t<div class=\"elementor-element elementor-element-f208ea6 elementor-widget elementor-widget-heading\" data-id=\"f208ea6\" data-element_type=\"widget\" data-e-type=\"widget\" data-widget_type=\"heading.default\">\n\t\t\t\t<div class=\"elementor-widget-container\">\n\t\t\t\t\t<h1 class=\"elementor-heading-title elementor-size-xxl\">\u00e0 propos<\/h1>\t\t\t\t<\/div>\n\t\t\t\t<\/div>\n\t\t\t\t\t<\/div>\n\t\t<\/div>\n\t\t\t\t\t<\/div>\n\t\t<\/section>\n\t\t\t\t<section class=\"elementor-section elementor-top-section elementor-element elementor-element-7c8e548 elementor-section-full_width elementor-section-height-default elementor-section-height-default\" data-id=\"7c8e548\" data-element_type=\"section\" data-e-type=\"section\">\n\t\t\t\t\t\t<div class=\"elementor-container elementor-column-gap-default\">\n\t\t\t\t\t<div class=\"elementor-column elementor-col-50 elementor-top-column elementor-element elementor-element-1aa53e6\" data-id=\"1aa53e6\" data-element_type=\"column\" data-e-type=\"column\">\n\t\t\t<div class=\"elementor-widget-wrap elementor-element-populated\">\n\t\t\t\t\t\t<div class=\"elementor-element elementor-element-0197ba3 elementor-widget elementor-widget-heading\" data-id=\"0197ba3\" data-element_type=\"widget\" data-e-type=\"widget\" data-widget_type=\"heading.default\">\n\t\t\t\t<div class=\"elementor-widget-container\">\n\t\t\t\t\t<h2 class=\"elementor-heading-title elementor-size-xl\">un graphiste<\/h2>\t\t\t\t<\/div>\n\t\t\t\t<\/div>\n\t\t\t\t<div class=\"elementor-element elementor-element-2e1f192 elementor-widget__width-initial elementor-widget elementor-widget-text-editor\" data-id=\"2e1f192\" data-element_type=\"widget\" data-e-type=\"widget\" data-widget_type=\"text-editor.default\">\n\t\t\t\t<div class=\"elementor-widget-container\">\n\t\t\t\t\t\t\t\t\t<p>De formation initiale dans les <strong>beaux-arts<\/strong>, le <strong>cin\u00e9ma<\/strong> et les <strong>communications<\/strong>, j&rsquo;ai ensuite connu un parcours professionnel diversifi\u00e9, me menant de l&rsquo;\u00e9b\u00e9nisterie d&rsquo;art au dessin technique d&rsquo;ossature-bois, du Canada \u00e0 la France.<\/p><p>J&rsquo;ai finalement souhait\u00e9 associer mes aptitudes fondamentales en <strong>cr\u00e9ation<\/strong> et mes comp\u00e9tences les plus affirm\u00e9es en <strong>projection<\/strong> et en <strong>organisation<\/strong> en obtenant le titre professionnel d&rsquo;infographiste metteur en page.<\/p><p>Je suis aujourd&rsquo;hui <strong>graphiste freelance.<\/strong><\/p>\t\t\t\t\t\t\t\t<\/div>\n\t\t\t\t<\/div>\n\t\t\t\t\t<\/div>\n\t\t<\/div>\n\t\t\t\t<div class=\"elementor-column elementor-col-50 elementor-top-column elementor-element elementor-element-676cf21\" data-id=\"676cf21\" data-element_type=\"column\" data-e-type=\"column\">\n\t\t\t<div class=\"elementor-widget-wrap elementor-element-populated\">\n\t\t\t\t\t\t<div class=\"elementor-element elementor-element-cdc2c47 elementor-widget elementor-widget-heading\" data-id=\"cdc2c47\" data-element_type=\"widget\" data-e-type=\"widget\" data-widget_type=\"heading.default\">\n\t\t\t\t<div class=\"elementor-widget-container\">\n\t\t\t\t\t<h2 class=\"elementor-heading-title elementor-size-xl\">en Mayenne<\/h2>\t\t\t\t<\/div>\n\t\t\t\t<\/div>\n\t\t\t\t<div class=\"elementor-element elementor-element-5189dc9 elementor-widget__width-initial elementor-widget elementor-widget-text-editor\" data-id=\"5189dc9\" data-element_type=\"widget\" data-e-type=\"widget\" data-widget_type=\"text-editor.default\">\n\t\t\t\t<div class=\"elementor-widget-container\">\n\t\t\t\t\t\t\t\t\t<p>Install\u00e9 depuis 2021 \u00e0 Fontaine-Daniel, dans le <strong>Nord Mayenne<\/strong>, je ne cesse de m&rsquo;\u00e9tonner de la richesse naturelle et humaine de ce coin de France g\u00e9n\u00e9ralement m\u00e9connu ailleurs.<\/p><p>Par mon activit\u00e9, je souhaite travailler aupr\u00e8s des artisans, associations, collectivit\u00e9s locales et autres <strong>acteurs de la vie mayennaise<\/strong> qui transforment et font exister ce territoire.<\/p><p>Je vous accompagne dans les aspects touchant \u00e0 <strong>votre identit\u00e9<\/strong> et <strong>votre communication<\/strong> pour que vous preniez pleinement votre place dans <strong>le paysage de la Mayenne<\/strong>.<\/p>\t\t\t\t\t\t\t\t<\/div>\n\t\t\t\t<\/div>\n\t\t\t\t\t<\/div>\n\t\t<\/div>\n\t\t\t\t\t<\/div>\n\t\t<\/section>\n\t\t\t\t<section class=\"elementor-section elementor-top-section elementor-element elementor-element-54c3582 elementor-section-boxed elementor-section-height-default elementor-section-height-default\" data-id=\"54c3582\" data-element_type=\"section\" data-e-type=\"section\">\n\t\t\t\t\t\t<div class=\"elementor-container elementor-column-gap-default\">\n\t\t\t\t\t<div class=\"elementor-column elementor-col-100 elementor-top-column elementor-element elementor-element-aa0ae50\" data-id=\"aa0ae50\" data-element_type=\"column\" data-e-type=\"column\">\n\t\t\t<div class=\"elementor-widget-wrap elementor-element-populated\">\n\t\t\t\t\t\t<div class=\"elementor-element elementor-element-6122d16 elementor-align-center elementor-widget__width-inherit elementor-widget elementor-widget-button\" data-id=\"6122d16\" data-element_type=\"widget\" data-e-type=\"widget\" data-widget_type=\"button.default\">\n\t\t\t\t<div class=\"elementor-widget-container\">\n\t\t\t\t\t\t\t\t\t<div class=\"elementor-button-wrapper\">\n\t\t\t\t\t<a class=\"elementor-button elementor-button-link elementor-size-xl elementor-animation-grow\" href=\"\/index.php\/services\/\">\n\t\t\t\t\t\t<span class=\"elementor-button-content-wrapper\">\n\t\t\t\t\t\t\t\t\t<span class=\"elementor-button-text\">services propos\u00e9s<\/span>\n\t\t\t\t\t<\/span>\n\t\t\t\t\t<\/a>\n\t\t\t\t<\/div>\n\t\t\t\t\t\t\t\t<\/div>\n\t\t\t\t<\/div>\n\t\t\t\t\t<\/div>\n\t\t<\/div>\n\t\t\t\t\t<\/div>\n\t\t<\/section>\n\t\t\t\t<\/div>\n\t\t","protected":false},"excerpt":{"rendered":"<p>\u00e0 propos un graphiste De formation initiale dans les beaux-arts, le cin\u00e9ma et les communications, j&rsquo;ai ensuite connu un parcours professionnel diversifi\u00e9, me menant de l&rsquo;\u00e9b\u00e9nisterie d&rsquo;art au dessin technique d&rsquo;ossature-bois, du Canada \u00e0 la France. J&rsquo;ai finalement souhait\u00e9 associer mes aptitudes fondamentales en cr\u00e9ation et mes comp\u00e9tences les plus affirm\u00e9es en projection et en&#8230;<\/p>\n","protected":false},"author":1,"featured_media":0,"parent":0,"menu_order":0,"comment_status":"closed","ping_status":"closed","template":"","meta":{"_kad_post_transparent":"","_kad_post_title":"hide","_kad_post_layout":"fullwidth","_kad_post_sidebar_id":"","_kad_post_content_style":"unboxed","_kad_post_vertical_padding":"hide","_kad_post_feature":"hide","_kad_post_feature_position":"","_kad_post_header":false,"_kad_post_footer":false,"footnotes":""},"class_list":["post-123","page","type-page","status-publish","hentry"],"_links":{"self":[{"href":"https:\/\/ungraphiste.danielfortin.fr\/index.php\/wp-json\/wp\/v2\/pages\/123","targetHints":{"allow":["GET"]}}],"collection":[{"href":"https:\/\/ungraphiste.danielfortin.fr\/index.php\/wp-json\/wp\/v2\/pages"}],"about":[{"href":"https:\/\/ungraphiste.danielfortin.fr\/index.php\/wp-json\/wp\/v2\/types\/page"}],"author":[{"embeddable":true,"href":"https:\/\/ungraphiste.danielfortin.fr\/index.php\/wp-json\/wp\/v2\/users\/1"}],"replies":[{"embeddable":true,"href":"https:\/\/ungraphiste.danielfortin.fr\/index.php\/wp-json\/wp\/v2\/comments?post=123"}],"version-history":[{"count":277,"href":"https:\/\/ungraphiste.danielfortin.fr\/index.php\/wp-json\/wp\/v2\/pages\/123\/revisions"}],"predecessor-version":[{"id":1825,"href":"https:\/\/ungraphiste.danielfortin.fr\/index.php\/wp-json\/wp\/v2\/pages\/123\/revisions\/1825"}],"wp:attachment":[{"href":"https:\/\/ungraphiste.danielfortin.fr\/index.php\/wp-json\/wp\/v2\/media?parent=123"}],"curies":[{"name":"wp","href":"https:\/\/api.w.org\/{rel}","templated":true}]}}