{"id":1289,"date":"2022-09-23T16:04:25","date_gmt":"2022-09-23T14:04:25","guid":{"rendered":"http:\/\/ungraphiste.danielfortin.fr\/?page_id=1289"},"modified":"2022-09-23T16:47:26","modified_gmt":"2022-09-23T14:47:26","slug":"real-wildworld","status":"publish","type":"page","link":"https:\/\/ungraphiste.danielfortin.fr\/index.php\/real-wildworld\/","title":{"rendered":"Real-WildWorld"},"content":{"rendered":"\t\t<div data-elementor-type=\"wp-page\" data-elementor-id=\"1289\" class=\"elementor elementor-1289\">\n\t\t\t\t\t\t<section class=\"elementor-section elementor-top-section elementor-element elementor-element-b973b9d elementor-section-boxed elementor-section-height-default elementor-section-height-default\" data-id=\"b973b9d\" data-element_type=\"section\" data-e-type=\"section\">\n\t\t\t\t\t\t<div class=\"elementor-container elementor-column-gap-default\">\n\t\t\t\t\t<div class=\"elementor-column elementor-col-66 elementor-top-column elementor-element elementor-element-2a07564 elementor-invisible\" data-id=\"2a07564\" data-element_type=\"column\" data-e-type=\"column\" data-settings=\"{&quot;animation&quot;:&quot;fadeInLeft&quot;}\">\n\t\t\t<div class=\"elementor-widget-wrap elementor-element-populated\">\n\t\t\t\t\t\t<div class=\"elementor-element elementor-element-594ef0c elementor-widget elementor-widget-image\" data-id=\"594ef0c\" data-element_type=\"widget\" data-e-type=\"widget\" data-widget_type=\"image.default\">\n\t\t\t\t<div class=\"elementor-widget-container\">\n\t\t\t\t\t\t\t\t\t\t\t\t\t\t\t<img fetchpriority=\"high\" decoding=\"async\" width=\"768\" height=\"280\" src=\"https:\/\/ungraphiste.danielfortin.fr\/wp-content\/uploads\/2022\/09\/WildWorld8-768x280.jpg\" class=\"attachment-medium_large size-medium_large wp-image-1292\" alt=\"un graphiste en Mayenne - R\u00e9alisation - WildWorld - Logo\" srcset=\"https:\/\/ungraphiste.danielfortin.fr\/wp-content\/uploads\/2022\/09\/WildWorld8-768x280.jpg 768w, https:\/\/ungraphiste.danielfortin.fr\/wp-content\/uploads\/2022\/09\/WildWorld8-300x110.jpg 300w, https:\/\/ungraphiste.danielfortin.fr\/wp-content\/uploads\/2022\/09\/WildWorld8-1024x374.jpg 1024w, https:\/\/ungraphiste.danielfortin.fr\/wp-content\/uploads\/2022\/09\/WildWorld8-1536x561.jpg 1536w, https:\/\/ungraphiste.danielfortin.fr\/wp-content\/uploads\/2022\/09\/WildWorld8-2048x748.jpg 2048w\" sizes=\"(max-width: 768px) 100vw, 768px\" \/>\t\t\t\t\t\t\t\t\t\t\t\t\t\t\t<\/div>\n\t\t\t\t<\/div>\n\t\t\t\t<div class=\"elementor-element elementor-element-dd2592a elementor-widget elementor-widget-image\" data-id=\"dd2592a\" data-element_type=\"widget\" data-e-type=\"widget\" data-widget_type=\"image.default\">\n\t\t\t\t<div class=\"elementor-widget-container\">\n\t\t\t\t\t\t\t\t\t\t\t\t\t\t\t<img decoding=\"async\" width=\"768\" height=\"543\" src=\"https:\/\/ungraphiste.danielfortin.fr\/wp-content\/uploads\/2022\/09\/Wildworld2-768x543.jpg\" class=\"attachment-medium_large size-medium_large wp-image-1293\" alt=\"un graphiste en Mayenne - R\u00e9alisation - WildWorld - Charte graphique - Couleurs\" srcset=\"https:\/\/ungraphiste.danielfortin.fr\/wp-content\/uploads\/2022\/09\/Wildworld2-768x543.jpg 768w, https:\/\/ungraphiste.danielfortin.fr\/wp-content\/uploads\/2022\/09\/Wildworld2-300x212.jpg 300w, https:\/\/ungraphiste.danielfortin.fr\/wp-content\/uploads\/2022\/09\/Wildworld2.jpg 849w\" sizes=\"(max-width: 768px) 100vw, 768px\" \/>\t\t\t\t\t\t\t\t\t\t\t\t\t\t\t<\/div>\n\t\t\t\t<\/div>\n\t\t\t\t<div class=\"elementor-element elementor-element-c43a599 elementor-widget elementor-widget-image\" data-id=\"c43a599\" data-element_type=\"widget\" data-e-type=\"widget\" data-widget_type=\"image.default\">\n\t\t\t\t<div class=\"elementor-widget-container\">\n\t\t\t\t\t\t\t\t\t\t\t\t\t\t\t<img decoding=\"async\" width=\"768\" height=\"543\" src=\"https:\/\/ungraphiste.danielfortin.fr\/wp-content\/uploads\/2022\/09\/Wildworld3-768x543.jpg\" class=\"attachment-medium_large size-medium_large wp-image-1294\" alt=\"un graphiste en Mayenne - R\u00e9alisation - WildWorld - Charte graphique - Typographie\" srcset=\"https:\/\/ungraphiste.danielfortin.fr\/wp-content\/uploads\/2022\/09\/Wildworld3-768x543.jpg 768w, https:\/\/ungraphiste.danielfortin.fr\/wp-content\/uploads\/2022\/09\/Wildworld3-300x212.jpg 300w, https:\/\/ungraphiste.danielfortin.fr\/wp-content\/uploads\/2022\/09\/Wildworld3.jpg 849w\" sizes=\"(max-width: 768px) 100vw, 768px\" \/>\t\t\t\t\t\t\t\t\t\t\t\t\t\t\t<\/div>\n\t\t\t\t<\/div>\n\t\t\t\t<div class=\"elementor-element elementor-element-1542245 elementor-widget elementor-widget-image\" data-id=\"1542245\" data-element_type=\"widget\" data-e-type=\"widget\" data-widget_type=\"image.default\">\n\t\t\t\t<div class=\"elementor-widget-container\">\n\t\t\t\t\t\t\t\t\t\t\t\t\t\t\t<img loading=\"lazy\" decoding=\"async\" width=\"768\" height=\"494\" src=\"https:\/\/ungraphiste.danielfortin.fr\/wp-content\/uploads\/2022\/09\/Wildworld11-768x494.jpg\" class=\"attachment-medium_large size-medium_large wp-image-1301\" alt=\"un graphiste en Mayenne - R\u00e9alisation - WildWorld - Couverture de livre\" srcset=\"https:\/\/ungraphiste.danielfortin.fr\/wp-content\/uploads\/2022\/09\/Wildworld11-768x494.jpg 768w, https:\/\/ungraphiste.danielfortin.fr\/wp-content\/uploads\/2022\/09\/Wildworld11-300x193.jpg 300w, https:\/\/ungraphiste.danielfortin.fr\/wp-content\/uploads\/2022\/09\/Wildworld11.jpg 840w\" sizes=\"(max-width: 768px) 100vw, 768px\" \/>\t\t\t\t\t\t\t\t\t\t\t\t\t\t\t<\/div>\n\t\t\t\t<\/div>\n\t\t\t\t<div class=\"elementor-element elementor-element-35ae4ce elementor-widget elementor-widget-image\" data-id=\"35ae4ce\" data-element_type=\"widget\" data-e-type=\"widget\" data-widget_type=\"image.default\">\n\t\t\t\t<div class=\"elementor-widget-container\">\n\t\t\t\t\t\t\t\t\t\t\t\t\t\t\t<img loading=\"lazy\" decoding=\"async\" width=\"768\" height=\"559\" src=\"https:\/\/ungraphiste.danielfortin.fr\/wp-content\/uploads\/2022\/09\/WildWorld1-768x559.jpg\" class=\"attachment-medium_large size-medium_large wp-image-750\" alt=\"un graphiste en Mayenne - R\u00e9alisation - WildWorld - Carte de visite\" srcset=\"https:\/\/ungraphiste.danielfortin.fr\/wp-content\/uploads\/2022\/09\/WildWorld1-768x559.jpg 768w, https:\/\/ungraphiste.danielfortin.fr\/wp-content\/uploads\/2022\/09\/WildWorld1-300x218.jpg 300w, https:\/\/ungraphiste.danielfortin.fr\/wp-content\/uploads\/2022\/09\/WildWorld1.jpg 880w\" sizes=\"(max-width: 768px) 100vw, 768px\" \/>\t\t\t\t\t\t\t\t\t\t\t\t\t\t\t<\/div>\n\t\t\t\t<\/div>\n\t\t\t\t<div class=\"elementor-element elementor-element-66fe7e4 elementor-widget elementor-widget-image\" data-id=\"66fe7e4\" data-element_type=\"widget\" data-e-type=\"widget\" data-widget_type=\"image.default\">\n\t\t\t\t<div class=\"elementor-widget-container\">\n\t\t\t\t\t\t\t\t\t\t\t\t\t\t\t<img loading=\"lazy\" decoding=\"async\" width=\"768\" height=\"561\" src=\"https:\/\/ungraphiste.danielfortin.fr\/wp-content\/uploads\/2022\/09\/Wildworld4-768x561.jpg\" class=\"attachment-medium_large size-medium_large wp-image-1295\" alt=\"un graphiste en Mayenne - R\u00e9alisation - WildWorld - Papier \u00e0 ent\u00eate\" srcset=\"https:\/\/ungraphiste.danielfortin.fr\/wp-content\/uploads\/2022\/09\/Wildworld4-768x561.jpg 768w, https:\/\/ungraphiste.danielfortin.fr\/wp-content\/uploads\/2022\/09\/Wildworld4-300x219.jpg 300w, https:\/\/ungraphiste.danielfortin.fr\/wp-content\/uploads\/2022\/09\/Wildworld4.jpg 821w\" sizes=\"(max-width: 768px) 100vw, 768px\" \/>\t\t\t\t\t\t\t\t\t\t\t\t\t\t\t<\/div>\n\t\t\t\t<\/div>\n\t\t\t\t<div class=\"elementor-element elementor-element-55504a6 elementor-widget elementor-widget-image\" data-id=\"55504a6\" data-element_type=\"widget\" data-e-type=\"widget\" data-widget_type=\"image.default\">\n\t\t\t\t<div class=\"elementor-widget-container\">\n\t\t\t\t\t\t\t\t\t\t\t\t\t\t\t<img loading=\"lazy\" decoding=\"async\" width=\"768\" height=\"512\" src=\"https:\/\/ungraphiste.danielfortin.fr\/wp-content\/uploads\/2022\/09\/Wildworld5-768x512.jpg\" class=\"attachment-medium_large size-medium_large wp-image-1296\" alt=\"un graphiste en Mayenne - R\u00e9alisation - WildWorld - Affiches\" srcset=\"https:\/\/ungraphiste.danielfortin.fr\/wp-content\/uploads\/2022\/09\/Wildworld5-768x512.jpg 768w, https:\/\/ungraphiste.danielfortin.fr\/wp-content\/uploads\/2022\/09\/Wildworld5-300x200.jpg 300w, https:\/\/ungraphiste.danielfortin.fr\/wp-content\/uploads\/2022\/09\/Wildworld5.jpg 900w\" sizes=\"(max-width: 768px) 100vw, 768px\" \/>\t\t\t\t\t\t\t\t\t\t\t\t\t\t\t<\/div>\n\t\t\t\t<\/div>\n\t\t\t\t<div class=\"elementor-element elementor-element-539d90b elementor-widget elementor-widget-image\" data-id=\"539d90b\" data-element_type=\"widget\" data-e-type=\"widget\" data-widget_type=\"image.default\">\n\t\t\t\t<div class=\"elementor-widget-container\">\n\t\t\t\t\t\t\t\t\t\t\t\t\t\t\t<img loading=\"lazy\" decoding=\"async\" width=\"768\" height=\"384\" src=\"https:\/\/ungraphiste.danielfortin.fr\/wp-content\/uploads\/2022\/09\/Wildworld6-768x384.jpg\" class=\"attachment-medium_large size-medium_large wp-image-1297\" alt=\"un graphiste en Mayenne - R\u00e9alisation - WildWorld - Visuels pour r\u00e9seaux sociaux\" srcset=\"https:\/\/ungraphiste.danielfortin.fr\/wp-content\/uploads\/2022\/09\/Wildworld6-768x384.jpg 768w, https:\/\/ungraphiste.danielfortin.fr\/wp-content\/uploads\/2022\/09\/Wildworld6-300x150.jpg 300w, https:\/\/ungraphiste.danielfortin.fr\/wp-content\/uploads\/2022\/09\/Wildworld6.jpg 800w\" sizes=\"(max-width: 768px) 100vw, 768px\" \/>\t\t\t\t\t\t\t\t\t\t\t\t\t\t\t<\/div>\n\t\t\t\t<\/div>\n\t\t\t\t\t<\/div>\n\t\t<\/div>\n\t\t\t\t<div class=\"elementor-column elementor-col-33 elementor-top-column elementor-element elementor-element-904e2b1\" data-id=\"904e2b1\" data-element_type=\"column\" data-e-type=\"column\" data-settings=\"{&quot;background_background&quot;:&quot;classic&quot;,&quot;animation&quot;:&quot;none&quot;}\">\n\t\t\t<div class=\"elementor-widget-wrap elementor-element-populated\">\n\t\t\t\t\t\t<section class=\"elementor-section elementor-inner-section elementor-element elementor-element-d2f8d77 stick elementor-section-content-space-between elementor-section-boxed elementor-section-height-default elementor-section-height-default elementor-invisible\" data-id=\"d2f8d77\" data-element_type=\"section\" data-e-type=\"section\" data-settings=\"{&quot;animation&quot;:&quot;fadeInRight&quot;}\">\n\t\t\t\t\t\t<div class=\"elementor-container elementor-column-gap-default\">\n\t\t\t\t\t<div class=\"elementor-column elementor-col-100 elementor-inner-column elementor-element elementor-element-cdbe294\" data-id=\"cdbe294\" data-element_type=\"column\" data-e-type=\"column\" data-settings=\"{&quot;background_background&quot;:&quot;classic&quot;}\">\n\t\t\t<div class=\"elementor-widget-wrap elementor-element-populated\">\n\t\t\t\t\t\t<div class=\"elementor-element elementor-element-bbcedaa elementor-widget elementor-widget-heading\" data-id=\"bbcedaa\" data-element_type=\"widget\" data-e-type=\"widget\" data-widget_type=\"heading.default\">\n\t\t\t\t<div class=\"elementor-widget-container\">\n\t\t\t\t\t<h2 class=\"elementor-heading-title elementor-size-xl\">WILDWORLD<\/h2>\t\t\t\t<\/div>\n\t\t\t\t<\/div>\n\t\t\t\t<div class=\"elementor-element elementor-element-1908c0d elementor-widget elementor-widget-text-editor\" data-id=\"1908c0d\" data-element_type=\"widget\" data-e-type=\"widget\" data-widget_type=\"text-editor.default\">\n\t\t\t\t<div class=\"elementor-widget-container\">\n\t\t\t\t\t\t\t\t\t<p><em>\u00c9labor\u00e9 en formation<\/em><\/p>\t\t\t\t\t\t\t\t<\/div>\n\t\t\t\t<\/div>\n\t\t\t\t<div class=\"elementor-element elementor-element-96806ae elementor-widget__width-initial elementor-widget elementor-widget-text-editor\" data-id=\"96806ae\" data-element_type=\"widget\" data-e-type=\"widget\" data-widget_type=\"text-editor.default\">\n\t\t\t\t<div class=\"elementor-widget-container\">\n\t\t\t\t\t\t\t\t\t<h4>Identit\u00e9 visuelle<\/h4><p>Cr\u00e9ation d\u2019un logo, d\u00e9clinaisons, cr\u00e9ation d\u2019une typographie, charte graphique, maquettes <em>print<\/em> et web.<\/p>\t\t\t\t\t\t\t\t<\/div>\n\t\t\t\t<\/div>\n\t\t\t\t<div class=\"elementor-element elementor-element-438fca3 elementor-widget__width-initial elementor-absolute elementor-view-default elementor-widget elementor-widget-icon\" data-id=\"438fca3\" data-element_type=\"widget\" data-e-type=\"widget\" data-settings=\"{&quot;_position&quot;:&quot;absolute&quot;}\" data-widget_type=\"icon.default\">\n\t\t\t\t<div class=\"elementor-widget-container\">\n\t\t\t\t\t\t\t<div class=\"elementor-icon-wrapper\">\n\t\t\t<a class=\"elementor-icon\" href=\"\/index.php\/realisations\/\">\n\t\t\t<i aria-hidden=\"true\" class=\"fas fa-angle-left\"><\/i>\t\t\t<\/a>\n\t\t<\/div>\n\t\t\t\t\t\t<\/div>\n\t\t\t\t<\/div>\n\t\t\t\t\t<\/div>\n\t\t<\/div>\n\t\t\t\t\t<\/div>\n\t\t<\/section>\n\t\t\t\t\t<\/div>\n\t\t<\/div>\n\t\t\t\t\t<\/div>\n\t\t<\/section>\n\t\t\t\t<\/div>\n\t\t","protected":false},"excerpt":{"rendered":"<p>WILDWORLD \u00c9labor\u00e9 en formation Identit\u00e9 visuelle Cr\u00e9ation d\u2019un logo, d\u00e9clinaisons, cr\u00e9ation d\u2019une typographie, charte graphique, maquettes print et web.<\/p>\n","protected":false},"author":1,"featured_media":0,"parent":0,"menu_order":0,"comment_status":"closed","ping_status":"closed","template":"","meta":{"_kad_post_transparent":"","_kad_post_title":"hide","_kad_post_layout":"fullwidth","_kad_post_sidebar_id":"","_kad_post_content_style":"unboxed","_kad_post_vertical_padding":"hide","_kad_post_feature":"hide","_kad_post_feature_position":"","_kad_post_header":false,"_kad_post_footer":false,"footnotes":""},"class_list":["post-1289","page","type-page","status-publish","hentry"],"_links":{"self":[{"href":"https:\/\/ungraphiste.danielfortin.fr\/index.php\/wp-json\/wp\/v2\/pages\/1289","targetHints":{"allow":["GET"]}}],"collection":[{"href":"https:\/\/ungraphiste.danielfortin.fr\/index.php\/wp-json\/wp\/v2\/pages"}],"about":[{"href":"https:\/\/ungraphiste.danielfortin.fr\/index.php\/wp-json\/wp\/v2\/types\/page"}],"author":[{"embeddable":true,"href":"https:\/\/ungraphiste.danielfortin.fr\/index.php\/wp-json\/wp\/v2\/users\/1"}],"replies":[{"embeddable":true,"href":"https:\/\/ungraphiste.danielfortin.fr\/index.php\/wp-json\/wp\/v2\/comments?post=1289"}],"version-history":[{"count":13,"href":"https:\/\/ungraphiste.danielfortin.fr\/index.php\/wp-json\/wp\/v2\/pages\/1289\/revisions"}],"predecessor-version":[{"id":1349,"href":"https:\/\/ungraphiste.danielfortin.fr\/index.php\/wp-json\/wp\/v2\/pages\/1289\/revisions\/1349"}],"wp:attachment":[{"href":"https:\/\/ungraphiste.danielfortin.fr\/index.php\/wp-json\/wp\/v2\/media?parent=1289"}],"curies":[{"name":"wp","href":"https:\/\/api.w.org\/{rel}","templated":true}]}}