{"id":1591,"date":"2023-01-14T13:32:11","date_gmt":"2023-01-14T12:32:11","guid":{"rendered":"http:\/\/ungraphiste.danielfortin.fr\/?page_id=1591"},"modified":"2023-02-16T10:41:38","modified_gmt":"2023-02-16T09:41:38","slug":"real-chatillon","status":"publish","type":"page","link":"https:\/\/ungraphiste.danielfortin.fr\/index.php\/real-chatillon\/","title":{"rendered":"Real-Chatillon"},"content":{"rendered":"\t\t<div data-elementor-type=\"wp-page\" data-elementor-id=\"1591\" class=\"elementor elementor-1591\">\n\t\t\t\t\t\t<section class=\"elementor-section elementor-top-section elementor-element elementor-element-1c04e77 elementor-section-boxed elementor-section-height-default elementor-section-height-default\" data-id=\"1c04e77\" data-element_type=\"section\" data-e-type=\"section\">\n\t\t\t\t\t\t<div class=\"elementor-container elementor-column-gap-default\">\n\t\t\t\t\t<div class=\"elementor-column elementor-col-66 elementor-top-column elementor-element elementor-element-a43ecec elementor-invisible\" data-id=\"a43ecec\" data-element_type=\"column\" data-e-type=\"column\" data-settings=\"{&quot;animation&quot;:&quot;fadeInLeft&quot;}\">\n\t\t\t<div class=\"elementor-widget-wrap elementor-element-populated\">\n\t\t\t\t\t\t<div class=\"elementor-element elementor-element-42297f5 elementor-widget elementor-widget-image\" data-id=\"42297f5\" data-element_type=\"widget\" data-e-type=\"widget\" data-widget_type=\"image.default\">\n\t\t\t\t<div class=\"elementor-widget-container\">\n\t\t\t\t\t\t\t\t\t\t\t\t\t\t\t<img fetchpriority=\"high\" decoding=\"async\" width=\"768\" height=\"417\" src=\"https:\/\/ungraphiste.danielfortin.fr\/wp-content\/uploads\/2023\/01\/Mockup_Chatillon-e1673699980801-768x417.jpg\" class=\"attachment-medium_large size-medium_large wp-image-1599\" alt=\"un graphiste en Mayenne - R\u00e9alisation - Ch\u00e2tillon-sur-Colmont - Bulletin Municipal\" srcset=\"https:\/\/ungraphiste.danielfortin.fr\/wp-content\/uploads\/2023\/01\/Mockup_Chatillon-e1673699980801-768x417.jpg 768w, https:\/\/ungraphiste.danielfortin.fr\/wp-content\/uploads\/2023\/01\/Mockup_Chatillon-e1673699980801-300x163.jpg 300w, https:\/\/ungraphiste.danielfortin.fr\/wp-content\/uploads\/2023\/01\/Mockup_Chatillon-e1673699980801-1024x556.jpg 1024w, https:\/\/ungraphiste.danielfortin.fr\/wp-content\/uploads\/2023\/01\/Mockup_Chatillon-e1673699980801-1536x835.jpg 1536w, https:\/\/ungraphiste.danielfortin.fr\/wp-content\/uploads\/2023\/01\/Mockup_Chatillon-e1673699980801.jpg 1651w\" sizes=\"(max-width: 768px) 100vw, 768px\" \/>\t\t\t\t\t\t\t\t\t\t\t\t\t\t\t<\/div>\n\t\t\t\t<\/div>\n\t\t\t\t<div class=\"elementor-element elementor-element-42a847c elementor-widget elementor-widget-image\" data-id=\"42a847c\" data-element_type=\"widget\" data-e-type=\"widget\" data-widget_type=\"image.default\">\n\t\t\t\t<div class=\"elementor-widget-container\">\n\t\t\t\t\t\t\t\t\t\t\t\t\t\t\t<img decoding=\"async\" width=\"768\" height=\"601\" src=\"https:\/\/ungraphiste.danielfortin.fr\/wp-content\/uploads\/2023\/01\/Mockup_Chatillon2-768x601.jpg\" class=\"attachment-medium_large size-medium_large wp-image-1612\" alt=\"un graphiste en Mayenne - R\u00e9alisation - Ch\u00e2tillon-sur-Colmont - Bulletin Municipal\" srcset=\"https:\/\/ungraphiste.danielfortin.fr\/wp-content\/uploads\/2023\/01\/Mockup_Chatillon2-768x601.jpg 768w, https:\/\/ungraphiste.danielfortin.fr\/wp-content\/uploads\/2023\/01\/Mockup_Chatillon2-300x235.jpg 300w, https:\/\/ungraphiste.danielfortin.fr\/wp-content\/uploads\/2023\/01\/Mockup_Chatillon2-1024x802.jpg 1024w, https:\/\/ungraphiste.danielfortin.fr\/wp-content\/uploads\/2023\/01\/Mockup_Chatillon2-1536x1202.jpg 1536w, https:\/\/ungraphiste.danielfortin.fr\/wp-content\/uploads\/2023\/01\/Mockup_Chatillon2.jpg 1597w\" sizes=\"(max-width: 768px) 100vw, 768px\" \/>\t\t\t\t\t\t\t\t\t\t\t\t\t\t\t<\/div>\n\t\t\t\t<\/div>\n\t\t\t\t<div class=\"elementor-element elementor-element-e4ef2a4 elementor-widget elementor-widget-image\" data-id=\"e4ef2a4\" data-element_type=\"widget\" data-e-type=\"widget\" data-widget_type=\"image.default\">\n\t\t\t\t<div class=\"elementor-widget-container\">\n\t\t\t\t\t\t\t\t\t\t\t\t\t\t\t<img decoding=\"async\" width=\"768\" height=\"601\" src=\"https:\/\/ungraphiste.danielfortin.fr\/wp-content\/uploads\/2023\/01\/Mockup_Chatillon3-768x601.jpg\" class=\"attachment-medium_large size-medium_large wp-image-1613\" alt=\"un graphiste en Mayenne - R\u00e9alisation - Ch\u00e2tillon-sur-Colmont - Bulletin Municipal\" srcset=\"https:\/\/ungraphiste.danielfortin.fr\/wp-content\/uploads\/2023\/01\/Mockup_Chatillon3-768x601.jpg 768w, https:\/\/ungraphiste.danielfortin.fr\/wp-content\/uploads\/2023\/01\/Mockup_Chatillon3-300x235.jpg 300w, https:\/\/ungraphiste.danielfortin.fr\/wp-content\/uploads\/2023\/01\/Mockup_Chatillon3-1024x802.jpg 1024w, https:\/\/ungraphiste.danielfortin.fr\/wp-content\/uploads\/2023\/01\/Mockup_Chatillon3-1536x1202.jpg 1536w, https:\/\/ungraphiste.danielfortin.fr\/wp-content\/uploads\/2023\/01\/Mockup_Chatillon3.jpg 1597w\" sizes=\"(max-width: 768px) 100vw, 768px\" \/>\t\t\t\t\t\t\t\t\t\t\t\t\t\t\t<\/div>\n\t\t\t\t<\/div>\n\t\t\t\t<div class=\"elementor-element elementor-element-e4eb5aa elementor-align-center elementor-widget elementor-widget-button\" data-id=\"e4eb5aa\" data-element_type=\"widget\" data-e-type=\"widget\" data-widget_type=\"button.default\">\n\t\t\t\t<div class=\"elementor-widget-container\">\n\t\t\t\t\t\t\t\t\t<div class=\"elementor-button-wrapper\">\n\t\t\t\t\t<a class=\"elementor-button elementor-button-link elementor-size-md\" href=\"http:\/\/ungraphiste.danielfortin.fr\/wp-content\/uploads\/2023\/01\/Bulletin_municipal_2023_Light.pdf\">\n\t\t\t\t\t\t<span class=\"elementor-button-content-wrapper\">\n\t\t\t\t\t\t<span class=\"elementor-button-icon\">\n\t\t\t\t<i aria-hidden=\"true\" class=\"fas fa-file-pdf\"><\/i>\t\t\t<\/span>\n\t\t\t\t\t\t\t\t\t<span class=\"elementor-button-text\">T\u00e9l\u00e9charger le bulletin complet en PDF<\/span>\n\t\t\t\t\t<\/span>\n\t\t\t\t\t<\/a>\n\t\t\t\t<\/div>\n\t\t\t\t\t\t\t\t<\/div>\n\t\t\t\t<\/div>\n\t\t\t\t\t<\/div>\n\t\t<\/div>\n\t\t\t\t<div class=\"elementor-column elementor-col-33 elementor-top-column elementor-element elementor-element-e9a2a46\" data-id=\"e9a2a46\" data-element_type=\"column\" data-e-type=\"column\" data-settings=\"{&quot;background_background&quot;:&quot;classic&quot;,&quot;animation&quot;:&quot;none&quot;}\">\n\t\t\t<div class=\"elementor-widget-wrap elementor-element-populated\">\n\t\t\t\t\t\t<section class=\"elementor-section elementor-inner-section elementor-element elementor-element-309f497 stick elementor-section-content-space-between elementor-section-boxed elementor-section-height-default elementor-section-height-default elementor-invisible\" data-id=\"309f497\" data-element_type=\"section\" data-e-type=\"section\" data-settings=\"{&quot;animation&quot;:&quot;fadeInRight&quot;}\">\n\t\t\t\t\t\t<div class=\"elementor-container elementor-column-gap-default\">\n\t\t\t\t\t<div class=\"elementor-column elementor-col-100 elementor-inner-column elementor-element elementor-element-7856f4a\" data-id=\"7856f4a\" data-element_type=\"column\" data-e-type=\"column\" data-settings=\"{&quot;background_background&quot;:&quot;classic&quot;}\">\n\t\t\t<div class=\"elementor-widget-wrap elementor-element-populated\">\n\t\t\t\t\t\t<div class=\"elementor-element elementor-element-81bd7b9 elementor-widget elementor-widget-heading\" data-id=\"81bd7b9\" data-element_type=\"widget\" data-e-type=\"widget\" data-widget_type=\"heading.default\">\n\t\t\t\t<div class=\"elementor-widget-container\">\n\t\t\t\t\t<h2 class=\"elementor-heading-title elementor-size-xl\">CH\u00c2TILLON-SUR-COLMONT<\/h2>\t\t\t\t<\/div>\n\t\t\t\t<\/div>\n\t\t\t\t<div class=\"elementor-element elementor-element-b0d1f80 elementor-widget__width-initial elementor-widget elementor-widget-text-editor\" data-id=\"b0d1f80\" data-element_type=\"widget\" data-e-type=\"widget\" data-widget_type=\"text-editor.default\">\n\t\t\t\t<div class=\"elementor-widget-container\">\n\t\t\t\t\t\t\t\t\t<h4>Bulletin municipal annuel<\/h4>\n<p>Mise au point de la maquette, mise en forme des contenus, recherche iconographique, prises de vue, retouches photo, ajustements typographiques, relecture, contr\u00f4le des \u00e9preuves.<\/p>\t\t\t\t\t\t\t\t<\/div>\n\t\t\t\t<\/div>\n\t\t\t\t<div class=\"elementor-element elementor-element-003a429 elementor-widget__width-initial elementor-absolute elementor-view-default elementor-widget elementor-widget-icon\" data-id=\"003a429\" data-element_type=\"widget\" data-e-type=\"widget\" data-settings=\"{&quot;_position&quot;:&quot;absolute&quot;}\" data-widget_type=\"icon.default\">\n\t\t\t\t<div class=\"elementor-widget-container\">\n\t\t\t\t\t\t\t<div class=\"elementor-icon-wrapper\">\n\t\t\t<a class=\"elementor-icon\" href=\"\/index.php\/realisations\/\">\n\t\t\t<i aria-hidden=\"true\" class=\"fas fa-angle-left\"><\/i>\t\t\t<\/a>\n\t\t<\/div>\n\t\t\t\t\t\t<\/div>\n\t\t\t\t<\/div>\n\t\t\t\t\t<\/div>\n\t\t<\/div>\n\t\t\t\t\t<\/div>\n\t\t<\/section>\n\t\t\t\t\t<\/div>\n\t\t<\/div>\n\t\t\t\t\t<\/div>\n\t\t<\/section>\n\t\t\t\t<\/div>\n\t\t","protected":false},"excerpt":{"rendered":"<p>T\u00e9l\u00e9charger le bulletin complet en PDF CH\u00c2TILLON-SUR-COLMONT Bulletin municipal annuel Mise au point de la maquette, mise en forme des contenus, recherche iconographique, prises de vue, retouches photo, ajustements typographiques, relecture, contr\u00f4le des \u00e9preuves.<\/p>\n","protected":false},"author":1,"featured_media":0,"parent":0,"menu_order":0,"comment_status":"closed","ping_status":"closed","template":"","meta":{"_kad_post_transparent":"","_kad_post_title":"hide","_kad_post_layout":"fullwidth","_kad_post_sidebar_id":"","_kad_post_content_style":"unboxed","_kad_post_vertical_padding":"hide","_kad_post_feature":"hide","_kad_post_feature_position":"","_kad_post_header":false,"_kad_post_footer":false,"footnotes":""},"class_list":["post-1591","page","type-page","status-publish","hentry"],"_links":{"self":[{"href":"https:\/\/ungraphiste.danielfortin.fr\/index.php\/wp-json\/wp\/v2\/pages\/1591","targetHints":{"allow":["GET"]}}],"collection":[{"href":"https:\/\/ungraphiste.danielfortin.fr\/index.php\/wp-json\/wp\/v2\/pages"}],"about":[{"href":"https:\/\/ungraphiste.danielfortin.fr\/index.php\/wp-json\/wp\/v2\/types\/page"}],"author":[{"embeddable":true,"href":"https:\/\/ungraphiste.danielfortin.fr\/index.php\/wp-json\/wp\/v2\/users\/1"}],"replies":[{"embeddable":true,"href":"https:\/\/ungraphiste.danielfortin.fr\/index.php\/wp-json\/wp\/v2\/comments?post=1591"}],"version-history":[{"count":44,"href":"https:\/\/ungraphiste.danielfortin.fr\/index.php\/wp-json\/wp\/v2\/pages\/1591\/revisions"}],"predecessor-version":[{"id":1661,"href":"https:\/\/ungraphiste.danielfortin.fr\/index.php\/wp-json\/wp\/v2\/pages\/1591\/revisions\/1661"}],"wp:attachment":[{"href":"https:\/\/ungraphiste.danielfortin.fr\/index.php\/wp-json\/wp\/v2\/media?parent=1591"}],"curies":[{"name":"wp","href":"https:\/\/api.w.org\/{rel}","templated":true}]}}