{"id":1749,"date":"2023-12-22T14:47:18","date_gmt":"2023-12-22T13:47:18","guid":{"rendered":"http:\/\/ungraphiste.danielfortin.fr\/?page_id=1749"},"modified":"2024-12-09T14:24:55","modified_gmt":"2024-12-09T13:24:55","slug":"real-chatillon-2","status":"publish","type":"page","link":"https:\/\/ungraphiste.danielfortin.fr\/index.php\/real-chatillon-2\/","title":{"rendered":"Real-Chatillon 2"},"content":{"rendered":"\t\t<div data-elementor-type=\"wp-page\" data-elementor-id=\"1749\" class=\"elementor elementor-1749\">\n\t\t\t\t\t\t<section class=\"elementor-section elementor-top-section elementor-element elementor-element-efee54f elementor-section-boxed elementor-section-height-default elementor-section-height-default\" data-id=\"efee54f\" data-element_type=\"section\" data-e-type=\"section\">\n\t\t\t\t\t\t<div class=\"elementor-container elementor-column-gap-default\">\n\t\t\t\t\t<div class=\"elementor-column elementor-col-66 elementor-top-column elementor-element elementor-element-ad2b3b5 elementor-invisible\" data-id=\"ad2b3b5\" data-element_type=\"column\" data-e-type=\"column\" data-settings=\"{&quot;animation&quot;:&quot;fadeInLeft&quot;}\">\n\t\t\t<div class=\"elementor-widget-wrap elementor-element-populated\">\n\t\t\t\t\t\t<div class=\"elementor-element elementor-element-276cb34 elementor-widget elementor-widget-image\" data-id=\"276cb34\" data-element_type=\"widget\" data-e-type=\"widget\" data-widget_type=\"image.default\">\n\t\t\t\t<div class=\"elementor-widget-container\">\n\t\t\t\t\t\t\t\t\t\t\t\t\t\t\t<img fetchpriority=\"high\" decoding=\"async\" width=\"768\" height=\"432\" src=\"https:\/\/ungraphiste.danielfortin.fr\/wp-content\/uploads\/2023\/12\/Mockup_2Chatillon-768x432.jpg\" class=\"attachment-medium_large size-medium_large wp-image-1755\" alt=\"un graphiste en Mayenne - R\u00e9alisation - Ch\u00e2tillon-sur-Colmont - Bulletin Municipal\" srcset=\"https:\/\/ungraphiste.danielfortin.fr\/wp-content\/uploads\/2023\/12\/Mockup_2Chatillon-768x432.jpg 768w, https:\/\/ungraphiste.danielfortin.fr\/wp-content\/uploads\/2023\/12\/Mockup_2Chatillon-300x169.jpg 300w, https:\/\/ungraphiste.danielfortin.fr\/wp-content\/uploads\/2023\/12\/Mockup_2Chatillon-1024x576.jpg 1024w, https:\/\/ungraphiste.danielfortin.fr\/wp-content\/uploads\/2023\/12\/Mockup_2Chatillon-1536x864.jpg 1536w, https:\/\/ungraphiste.danielfortin.fr\/wp-content\/uploads\/2023\/12\/Mockup_2Chatillon.jpg 1920w\" sizes=\"(max-width: 768px) 100vw, 768px\" \/>\t\t\t\t\t\t\t\t\t\t\t\t\t\t\t<\/div>\n\t\t\t\t<\/div>\n\t\t\t\t<div class=\"elementor-element elementor-element-2c1d78a elementor-widget elementor-widget-image\" data-id=\"2c1d78a\" data-element_type=\"widget\" data-e-type=\"widget\" data-widget_type=\"image.default\">\n\t\t\t\t<div class=\"elementor-widget-container\">\n\t\t\t\t\t\t\t\t\t\t\t\t\t\t\t<img decoding=\"async\" width=\"768\" height=\"601\" src=\"https:\/\/ungraphiste.danielfortin.fr\/wp-content\/uploads\/2023\/12\/Mockup_2Chatillon2-768x601.jpg\" class=\"attachment-medium_large size-medium_large wp-image-1756\" alt=\"un graphiste en Mayenne - R\u00e9alisation - Ch\u00e2tillon-sur-Colmont - Bulletin Municipal\" srcset=\"https:\/\/ungraphiste.danielfortin.fr\/wp-content\/uploads\/2023\/12\/Mockup_2Chatillon2-768x601.jpg 768w, https:\/\/ungraphiste.danielfortin.fr\/wp-content\/uploads\/2023\/12\/Mockup_2Chatillon2-300x235.jpg 300w, https:\/\/ungraphiste.danielfortin.fr\/wp-content\/uploads\/2023\/12\/Mockup_2Chatillon2-1024x802.jpg 1024w, https:\/\/ungraphiste.danielfortin.fr\/wp-content\/uploads\/2023\/12\/Mockup_2Chatillon2-1536x1202.jpg 1536w, https:\/\/ungraphiste.danielfortin.fr\/wp-content\/uploads\/2023\/12\/Mockup_2Chatillon2.jpg 1597w\" sizes=\"(max-width: 768px) 100vw, 768px\" \/>\t\t\t\t\t\t\t\t\t\t\t\t\t\t\t<\/div>\n\t\t\t\t<\/div>\n\t\t\t\t<div class=\"elementor-element elementor-element-aa063fb elementor-widget elementor-widget-image\" data-id=\"aa063fb\" data-element_type=\"widget\" data-e-type=\"widget\" data-widget_type=\"image.default\">\n\t\t\t\t<div class=\"elementor-widget-container\">\n\t\t\t\t\t\t\t\t\t\t\t\t\t\t\t<img decoding=\"async\" width=\"768\" height=\"601\" src=\"https:\/\/ungraphiste.danielfortin.fr\/wp-content\/uploads\/2023\/12\/Mockup_2Chatillon3-768x601.jpg\" class=\"attachment-medium_large size-medium_large wp-image-1757\" alt=\"un graphiste en Mayenne - R\u00e9alisation - Ch\u00e2tillon-sur-Colmont - Bulletin Municipal\" srcset=\"https:\/\/ungraphiste.danielfortin.fr\/wp-content\/uploads\/2023\/12\/Mockup_2Chatillon3-768x601.jpg 768w, https:\/\/ungraphiste.danielfortin.fr\/wp-content\/uploads\/2023\/12\/Mockup_2Chatillon3-300x235.jpg 300w, https:\/\/ungraphiste.danielfortin.fr\/wp-content\/uploads\/2023\/12\/Mockup_2Chatillon3-1024x802.jpg 1024w, https:\/\/ungraphiste.danielfortin.fr\/wp-content\/uploads\/2023\/12\/Mockup_2Chatillon3-1536x1202.jpg 1536w, https:\/\/ungraphiste.danielfortin.fr\/wp-content\/uploads\/2023\/12\/Mockup_2Chatillon3.jpg 1597w\" sizes=\"(max-width: 768px) 100vw, 768px\" \/>\t\t\t\t\t\t\t\t\t\t\t\t\t\t\t<\/div>\n\t\t\t\t<\/div>\n\t\t\t\t<div class=\"elementor-element elementor-element-9214af5 elementor-align-center elementor-widget elementor-widget-button\" data-id=\"9214af5\" data-element_type=\"widget\" data-e-type=\"widget\" data-widget_type=\"button.default\">\n\t\t\t\t<div class=\"elementor-widget-container\">\n\t\t\t\t\t\t\t\t\t<div class=\"elementor-button-wrapper\">\n\t\t\t\t\t<a class=\"elementor-button elementor-button-link elementor-size-md\" href=\"http:\/\/ungraphiste.danielfortin.fr\/wp-content\/uploads\/2023\/12\/Bulletin_municipal_2024_Light.pdf\" target=\"_blank\">\n\t\t\t\t\t\t<span class=\"elementor-button-content-wrapper\">\n\t\t\t\t\t\t<span class=\"elementor-button-icon\">\n\t\t\t\t<i aria-hidden=\"true\" class=\"fas fa-file-pdf\"><\/i>\t\t\t<\/span>\n\t\t\t\t\t\t\t\t\t<span class=\"elementor-button-text\">T\u00e9l\u00e9charger le bulletin complet en PDF<\/span>\n\t\t\t\t\t<\/span>\n\t\t\t\t\t<\/a>\n\t\t\t\t<\/div>\n\t\t\t\t\t\t\t\t<\/div>\n\t\t\t\t<\/div>\n\t\t\t\t\t<\/div>\n\t\t<\/div>\n\t\t\t\t<div class=\"elementor-column elementor-col-33 elementor-top-column elementor-element elementor-element-ca0bbd2\" data-id=\"ca0bbd2\" data-element_type=\"column\" data-e-type=\"column\" data-settings=\"{&quot;background_background&quot;:&quot;classic&quot;,&quot;animation&quot;:&quot;none&quot;}\">\n\t\t\t<div class=\"elementor-widget-wrap elementor-element-populated\">\n\t\t\t\t\t\t<section class=\"elementor-section elementor-inner-section elementor-element elementor-element-875cef5 stick elementor-section-content-space-between elementor-section-boxed elementor-section-height-default elementor-section-height-default elementor-invisible\" data-id=\"875cef5\" data-element_type=\"section\" data-e-type=\"section\" data-settings=\"{&quot;animation&quot;:&quot;fadeInRight&quot;}\">\n\t\t\t\t\t\t<div class=\"elementor-container elementor-column-gap-default\">\n\t\t\t\t\t<div class=\"elementor-column elementor-col-100 elementor-inner-column elementor-element elementor-element-325b2b7\" data-id=\"325b2b7\" data-element_type=\"column\" data-e-type=\"column\" data-settings=\"{&quot;background_background&quot;:&quot;classic&quot;}\">\n\t\t\t<div class=\"elementor-widget-wrap elementor-element-populated\">\n\t\t\t\t\t\t<div class=\"elementor-element elementor-element-a130553 elementor-widget elementor-widget-heading\" data-id=\"a130553\" data-element_type=\"widget\" data-e-type=\"widget\" data-widget_type=\"heading.default\">\n\t\t\t\t<div class=\"elementor-widget-container\">\n\t\t\t\t\t<h2 class=\"elementor-heading-title elementor-size-xl\">CH\u00c2TILLON-SUR-COLMONT<\/h2>\t\t\t\t<\/div>\n\t\t\t\t<\/div>\n\t\t\t\t<div class=\"elementor-element elementor-element-b9acd39 elementor-widget__width-initial elementor-widget elementor-widget-text-editor\" data-id=\"b9acd39\" data-element_type=\"widget\" data-e-type=\"widget\" data-widget_type=\"text-editor.default\">\n\t\t\t\t<div class=\"elementor-widget-container\">\n\t\t\t\t\t\t\t\t\t<h4>Bulletin municipal annuel<\/h4>\n<p>Mise au point de la maquette, mise en forme des contenus, recherche iconographique, prises de vue, retouches photo, ajustements typographiques, relecture, contr\u00f4le des \u00e9preuves.<\/p>\t\t\t\t\t\t\t\t<\/div>\n\t\t\t\t<\/div>\n\t\t\t\t<div class=\"elementor-element elementor-element-afc57ea elementor-widget__width-initial elementor-absolute elementor-view-default elementor-widget elementor-widget-icon\" data-id=\"afc57ea\" data-element_type=\"widget\" data-e-type=\"widget\" data-settings=\"{&quot;_position&quot;:&quot;absolute&quot;}\" data-widget_type=\"icon.default\">\n\t\t\t\t<div class=\"elementor-widget-container\">\n\t\t\t\t\t\t\t<div class=\"elementor-icon-wrapper\">\n\t\t\t<a class=\"elementor-icon\" href=\"\/index.php\/realisations\/\">\n\t\t\t<i aria-hidden=\"true\" class=\"fas fa-angle-left\"><\/i>\t\t\t<\/a>\n\t\t<\/div>\n\t\t\t\t\t\t<\/div>\n\t\t\t\t<\/div>\n\t\t\t\t\t<\/div>\n\t\t<\/div>\n\t\t\t\t\t<\/div>\n\t\t<\/section>\n\t\t\t\t\t<\/div>\n\t\t<\/div>\n\t\t\t\t\t<\/div>\n\t\t<\/section>\n\t\t\t\t<\/div>\n\t\t","protected":false},"excerpt":{"rendered":"<p>T\u00e9l\u00e9charger le bulletin complet en PDF CH\u00c2TILLON-SUR-COLMONT Bulletin municipal annuel Mise au point de la maquette, mise en forme des contenus, recherche iconographique, prises de vue, retouches photo, ajustements typographiques, relecture, contr\u00f4le des \u00e9preuves.<\/p>\n","protected":false},"author":1,"featured_media":0,"parent":0,"menu_order":0,"comment_status":"closed","ping_status":"closed","template":"","meta":{"_kad_post_transparent":"","_kad_post_title":"hide","_kad_post_layout":"fullwidth","_kad_post_sidebar_id":"","_kad_post_content_style":"unboxed","_kad_post_vertical_padding":"hide","_kad_post_feature":"hide","_kad_post_feature_position":"","_kad_post_header":false,"_kad_post_footer":false,"footnotes":""},"class_list":["post-1749","page","type-page","status-publish","hentry"],"_links":{"self":[{"href":"https:\/\/ungraphiste.danielfortin.fr\/index.php\/wp-json\/wp\/v2\/pages\/1749","targetHints":{"allow":["GET"]}}],"collection":[{"href":"https:\/\/ungraphiste.danielfortin.fr\/index.php\/wp-json\/wp\/v2\/pages"}],"about":[{"href":"https:\/\/ungraphiste.danielfortin.fr\/index.php\/wp-json\/wp\/v2\/types\/page"}],"author":[{"embeddable":true,"href":"https:\/\/ungraphiste.danielfortin.fr\/index.php\/wp-json\/wp\/v2\/users\/1"}],"replies":[{"embeddable":true,"href":"https:\/\/ungraphiste.danielfortin.fr\/index.php\/wp-json\/wp\/v2\/comments?post=1749"}],"version-history":[{"count":10,"href":"https:\/\/ungraphiste.danielfortin.fr\/index.php\/wp-json\/wp\/v2\/pages\/1749\/revisions"}],"predecessor-version":[{"id":1872,"href":"https:\/\/ungraphiste.danielfortin.fr\/index.php\/wp-json\/wp\/v2\/pages\/1749\/revisions\/1872"}],"wp:attachment":[{"href":"https:\/\/ungraphiste.danielfortin.fr\/index.php\/wp-json\/wp\/v2\/media?parent=1749"}],"curies":[{"name":"wp","href":"https:\/\/api.w.org\/{rel}","templated":true}]}}